{"id":1683,"date":"2024-09-23T13:31:26","date_gmt":"2024-09-23T13:31:26","guid":{"rendered":"https:\/\/shop.danielles-coaching.de\/de\/?page_id=1683"},"modified":"2025-02-10T09:29:11","modified_gmt":"2025-02-10T09:29:11","slug":"cgv-2","status":"publish","type":"page","link":"https:\/\/shop.danielles-coaching.de\/de\/cgv-2\/","title":{"rendered":"Verkaufsbedingungen"},"content":{"rendered":"<ol class=\"wp-block-list\">\n<li><strong>Geltungsbereich<\/strong><br>Diese Allgemeinen Gesch\u00e4ftsbedingungen (AGB) gelten f\u00fcr alle Bestellungen, die Verbraucher (\u00a7 13 BGB) \u00fcber unseren Online-Shop t\u00e4tigen. Abweichende Bedingungen des Kunden werden nicht anerkannt, es sei denn, wir stimmen ihrer Geltung ausdr\u00fccklich schriftlich zu.<br><\/li>\n\n\n\n<li><strong>Vertragspartner<\/strong><br>Der Kaufvertrag kommt zustande mit Danielle Dahan, Danielle\u2019s Coaching, Jakob-Reutlinger-Str. 8, 88662 \u00dcberlingen. Sie erreichen Danielle\u2019s Coaching f\u00fcr Fragen, Reklamationen und Beanstandungen werktags von 09:00 bis 18:00 Uhr unter der Telefonnummer 0176 61 32 58 62 sowie per E-Mail unter praxis@danielles-coaching.de.<br><\/li>\n\n\n\n<li><strong>Vertragsabschluss<\/strong><br>Die Darstellung der Produkte im Online-Shop stellt kein rechtlich bindendes Angebot dar, sondern eine Aufforderung zur Bestellung. Beim Anklicken des Buttons \u201eKaufen\u201c bekommen Sie in einer separaten E-Mail eine Best\u00e4tigung Ihrer Bestellung. Mit dieser E-Mail- Best\u00e4tigung ist der Kaufvertrag zustande gekommen.<br><\/li>\n\n\n\n<li><strong>Preise und Versandkosten<\/strong><br>Die Darstellung der Produkte im Online-Shop stellt kein rechtlich bindendes Angebot dar, sondern eine Aufforderung zur Bestellung. Beim Anklicken des Buttons \u201eKaufen\u201c bekommen Sie in einer separaten E-Mail eine Best\u00e4tigung Ihrer Bestellung. Mit dieser E-Mail- Best\u00e4tigung ist der Kaufvertrag zustande gekommen.<br><\/li>\n\n\n\n<li><strong>Zahlungsbedingungen<\/strong><br>Sie haben die M\u00f6glichkeit, die Zahlung per PayPal oder Stripe vorzunehmen.<br>\uf0b7 PayPal: Nach Abschluss der Bestellung werden Sie direkt auf die PayPal-Seite weitergeleitet, um die Zahlung durchzuf\u00fchren. Nach erfolgreicher Zahlung erhalten Sie eine Best\u00e4tigung per E-Mail.<br>\uf0b7 Stripe: Bei Auswahl von Stripe k\u00f6nnen Sie mit Kreditkarte oder anderen von Stripe angebotenen Zahlungsmethoden bezahlen. Die Abwicklung erfolgt direkt \u00fcber die sichere Plattform von Stripe, ohne dass wir Zugang zu Ihren Zahlungsinformationen erhalten. Nach erfolgreicher Zahlung erhalten Sie eine Best\u00e4tigung per E-Mail. Die Zahlung des Kaufpreises ist unmittelbar mit Vertragsschluss f\u00e4llig.<br><\/li>\n\n\n\n<li><strong>Lieferung<\/strong><br>(1) Die Lieferung digitaler Inhalte erfolgt nach erfolgreichem Zahlungseingang. Der Zugang zu digitalen Inhalten, wie z.B. PDF-Dokumenten, wird dem Kunden in der Regel sofort nach Abschluss der Bestellung erm\u00f6glicht.<br><\/li>\n\n\n\n<li>P<strong>Kein Widerrufsrecht f\u00fcr digitale Inhalte<\/strong><br>(1) Ausschluss des Widerrufsrechts: Ein Widerrufsrecht besteht nicht, wenn es sich um den Kauf digitaler Inhalte (z.B. PDF-Dokumente, Software, etc.) handelt, die nicht auf einem k\u00f6rperlichen Datentr\u00e4ger geliefert werden und die sofort nach Abschluss der Bestellung bereitgestellt werden und konsumiert werden k\u00f6nnen.<br>(2) Erl\u00f6schen des Widerrufsrechts: Ihr Widerrufsrecht erlischt, sobald wir mit der Ausf\u00fchrung des Vertrags begonnen haben, nachdem Sie ausdr\u00fccklich zugestimmt haben, dass wir mit der Ausf\u00fchrung des Vertrags vor Ablauf der Widerrufsfrist beginnen und best\u00e4tigt haben, dass Sie durch Ihre Zustimmung Ihr Widerrufsrecht verlieren.<br>(3) Aktive Zustimmung: Der Kunde erkl\u00e4rt sich damit einverstanden, dass er vor Abschluss der Bestellung den Absatz \u201eIch stimme ausdr\u00fccklich zu, dass die Ausf\u00fchrung des Vertrags \u00fcber den Kauf digitaler Inhalte sofort beginnt und ich mein Widerrufsrecht verliere, sobald der Download startet\u201c aktiv ankreuzen muss. Diese Zustimmung ist Voraussetzung f\u00fcr den Kauf digitaler Inhalte. Ohne diese Zustimmung kann der Kauf nicht abgeschlossen werden.<br><\/li>\n<\/ol>\n\n\n\n<p><\/p>\n\n\n\n<ol start=\"8\" class=\"wp-block-list\">\n<li><strong>Eigentumsvorbehalt<\/strong><br>Die Ware bleibt bis zur vollst\u00e4ndigen Zahlung unser Eigentum.<br><\/li>\n\n\n\n<li><strong>Datenschutz<\/strong><br>Wir verarbeiten Ihre personenbezogenen Daten gem\u00e4\u00df den geltenden Datenschutzbestimmungen. Die von Ihnen \u00fcbermittelten Daten werden ausschlie\u00dflich zur Abwicklung Ihrer Bestellung verwendet und nicht an Dritte weitergeleitet, es sei denn, dies ist f\u00fcr die Abwicklung des Vertrags erforderlich (z.B. Weitergabe an Zahlungsdienstleister oder Versandunternehmen). Weitere Informationen entnehmen Sie bitte unserer [Datenschutzerkl\u00e4rung].<\/li>\n\n\n\n<li><strong>Schlussbestimmungen<\/strong><br>Es gilt das Recht der Bundesrepublik Deutschland unter Ausschluss des UN-Kaufrechts.<\/li>\n<\/ol>","protected":false},"excerpt":{"rendered":"","protected":false},"author":1,"featured_media":0,"parent":0,"menu_order":0,"comment_status":"closed","ping_status":"closed","template":"","meta":{"_uag_custom_page_level_css":"","site-sidebar-layout":"default","site-content-layout":"","ast-site-content-layout":"default","site-content-style":"default","site-sidebar-style":"default","ast-global-header-display":"","ast-banner-title-visibility":"","ast-main-header-display":"","ast-hfb-above-header-display":"","ast-hfb-below-header-display":"","ast-hfb-mobile-header-display":"","site-post-title":"","ast-breadcrumbs-content":"","ast-featured-img":"","footer-sml-layout":"","ast-disable-related-posts":"","theme-transparent-header-meta":"","adv-header-id-meta":"","stick-header-meta":"","header-above-stick-meta":"","header-main-stick-meta":"","header-below-stick-meta":"","astra-migrate-meta-layouts":"set","ast-page-background-enabled":"default","ast-page-background-meta":{"desktop":{"background-color":"","background-image":"","background-repeat":"repeat","background-position":"center center","background-size":"auto","background-attachment":"scroll","background-type":"","background-media":"","overlay-type":"","overlay-color":"","overlay-opacity":"","overlay-gradient":""},"tablet":{"background-color":"","background-image":"","background-repeat":"repeat","background-position":"center center","background-size":"auto","background-attachment":"scroll","background-type":"","background-media":"","overlay-type":"","overlay-color":"","overlay-opacity":"","overlay-gradient":""},"mobile":{"background-color":"","background-image":"","background-repeat":"repeat","background-position":"center center","background-size":"auto","background-attachment":"scroll","background-type":"","background-media":"","overlay-type":"","overlay-color":"","overlay-opacity":"","overlay-gradient":""}},"ast-content-background-meta":{"desktop":{"background-color":"var(--ast-global-color-5)","background-image":"","background-repeat":"repeat","background-position":"center center","background-size":"auto","background-attachment":"scroll","background-type":"","background-media":"","overlay-type":"","overlay-color":"","overlay-opacity":"","overlay-gradient":""},"tablet":{"background-color":"var(--ast-global-color-5)","background-image":"","background-repeat":"repeat","background-position":"center center","background-size":"auto","background-attachment":"scroll","background-type":"","background-media":"","overlay-type":"","overlay-color":"","overlay-opacity":"","overlay-gradient":""},"mobile":{"background-color":"var(--ast-global-color-5)","background-image":"","background-repeat":"repeat","background-position":"center center","background-size":"auto","background-attachment":"scroll","background-type":"","background-media":"","overlay-type":"","overlay-color":"","overlay-opacity":"","overlay-gradient":""}},"footnotes":""},"class_list":["post-1683","page","type-page","status-publish","hentry"],"uagb_featured_image_src":{"full":false,"thumbnail":false,"medium":false,"medium_large":false,"large":false,"1536x1536":false,"2048x2048":false,"trp-custom-language-flag":false,"woocommerce_thumbnail":false,"woocommerce_single":false,"woocommerce_gallery_thumbnail":false},"uagb_author_info":{"display_name":"Danielle Dahan","author_link":"https:\/\/shop.danielles-coaching.de\/de\/author\/danielleadmin\/"},"uagb_comment_info":0,"uagb_excerpt":null,"_links":{"self":[{"href":"https:\/\/shop.danielles-coaching.de\/de\/wp-json\/wp\/v2\/pages\/1683","targetHints":{"allow":["GET"]}}],"collection":[{"href":"https:\/\/shop.danielles-coaching.de\/de\/wp-json\/wp\/v2\/pages"}],"about":[{"href":"https:\/\/shop.danielles-coaching.de\/de\/wp-json\/wp\/v2\/types\/page"}],"author":[{"embeddable":true,"href":"https:\/\/shop.danielles-coaching.de\/de\/wp-json\/wp\/v2\/users\/1"}],"replies":[{"embeddable":true,"href":"https:\/\/shop.danielles-coaching.de\/de\/wp-json\/wp\/v2\/comments?post=1683"}],"version-history":[{"count":5,"href":"https:\/\/shop.danielles-coaching.de\/de\/wp-json\/wp\/v2\/pages\/1683\/revisions"}],"predecessor-version":[{"id":1747,"href":"https:\/\/shop.danielles-coaching.de\/de\/wp-json\/wp\/v2\/pages\/1683\/revisions\/1747"}],"wp:attachment":[{"href":"https:\/\/shop.danielles-coaching.de\/de\/wp-json\/wp\/v2\/media?parent=1683"}],"curies":[{"name":"wp","href":"https:\/\/api.w.org\/{rel}","templated":true}]}}