{"id":1884,"date":"2026-01-13T18:39:04","date_gmt":"2026-01-13T18:39:04","guid":{"rendered":"https:\/\/shop.danielles-coaching.de\/?post_type=product&#038;p=1884"},"modified":"2026-02-18T22:38:57","modified_gmt":"2026-02-18T22:38:57","slug":"coaching-gruppencalls-6-monate-paket","status":"publish","type":"product","link":"https:\/\/shop.danielles-coaching.de\/de\/product\/coaching-gruppencalls-6-monate-paket\/","title":{"rendered":"Coaching-Gruppencalls \u2022 6 Monate Paket"},"content":{"rendered":"<p><strong>Was erwartet dich in der Gruppe?<\/strong><\/p>\n<ol>\n<li><strong>Themen, die wirklich relevant sind<\/strong><br \/>\nJeden Monat schlage ich 2\u20133 typische Mama\u2011 oder Papa\u2011Themen vor. Ihr w\u00e4hlt gemeinsam, wor\u00fcber wir sprechen \u2013 und welchen Schwerpunkt wir setzen.<\/li>\n<li><strong>Ein sicherer Raum nur f\u00fcr dich<br \/>\n<\/strong>Du kannst alles ansprechen, was dich gerade besch\u00e4ftigt: ehrlich, ungefiltert, ohne schlechtes Gewissen. Ob du sprechen m\u00f6chtest oder lieber im Chat an mich oder an alle schreibst, entscheidest du selbst.<\/li>\n<li><strong>Konkrete Impulse, f\u00fcr deinen Alltag<br \/>\n<\/strong>Du bekommst praktische Ideen und Impulse, die zu dir und deinem Kind passen \u2013 sofort umsetzbar und alltagstauglich<\/li>\n<li><strong>Solidarit\u00e4t mit Menschen, die wissen, wie es dir geht.<br \/>\n<\/strong>Die Gruppe besteht aus maximal 20 Teilnehmerinnen bzw. Teilnehmern. Du profitierst von Erfahrungen, Aha\u2011Momenten und Erfolgen anderer Mamas oder Papas.<\/li>\n<\/ol>\n<p><strong>Nach dem Call<br \/>\n<\/strong>Du gehst mit klaren Ideen, neuen Perspektiven und sp\u00fcrbarer Erleichterung raus.<br \/>\nDein Alltag wird leichter \u2013 Schritt f\u00fcr Schritt.<\/p>\n<p><strong>Denkbare Themen<br \/>\n<\/strong>Emotionen begleiten, Grenzen setzen, Selbstregulation von Gef\u00fchlen, Selbstf\u00fcrsorge, Bed\u00fcrfnisse der Kinder verstehen, Mama-Rolle &amp; Identit\u00e4t, Umgang mit Stress, Konflikte in der Familie, Konflikte mit dem Partner\/der Partnerin\u2026<\/p>","protected":false},"excerpt":{"rendered":"<p>Mama\u2011 oder Papa\u2011sein ist wundersch\u00f6n \u2013 und manchmal einfach viel. Deshalb \u00f6ffne ich ab Februar zwei eigene Coaching\u2011Gruppen: eine nur f\u00fcr Mamas und eine nur f\u00fcr Papas<\/p>\n<p>Es ist ein gesch\u00fctzter Raum, in dem du im Mittelpunkt stehst.<\/p>\n<h6><strong style=\"font-size: 1.2em;\"><a href=\"https:\/\/shop.danielles-coaching.de\/wp-content\/uploads\/2026\/01\/calendar_30px_03b4a4.png\"><img loading=\"lazy\" decoding=\"async\" class=\"alignnone wp-image-1856\" src=\"https:\/\/shop.danielles-coaching.de\/wp-content\/uploads\/2026\/01\/calendar_30px_03b4a4.png\" alt=\"\" width=\"20\" height=\"20\" srcset=\"https:\/\/shop.danielles-coaching.de\/wp-content\/uploads\/2026\/01\/calendar_30px_03b4a4.png 30w, https:\/\/shop.danielles-coaching.de\/wp-content\/uploads\/2026\/01\/calendar_30px_03b4a4-12x12.png 12w\" sizes=\"auto, (max-width: 20px) 100vw, 20px\" \/> \u00a0<\/a>Mamas\u00a0 <\/strong>: <span style=\"font-size: 1.2em;\">1. &amp; 3. Donnerstag im Monat<\/span><\/h6>\n<h6><strong style=\"font-size: 1.2em;\"><a href=\"https:\/\/shop.danielles-coaching.de\/wp-content\/uploads\/2026\/01\/calendar_30px_03b4a4.png\"><img loading=\"lazy\" decoding=\"async\" class=\"alignnone wp-image-1856\" src=\"https:\/\/shop.danielles-coaching.de\/wp-content\/uploads\/2026\/01\/calendar_30px_03b4a4.png\" alt=\"\" width=\"20\" height=\"20\" srcset=\"https:\/\/shop.danielles-coaching.de\/wp-content\/uploads\/2026\/01\/calendar_30px_03b4a4.png 30w, https:\/\/shop.danielles-coaching.de\/wp-content\/uploads\/2026\/01\/calendar_30px_03b4a4-12x12.png 12w\" sizes=\"auto, (max-width: 20px) 100vw, 20px\" \/>\u00a0 <\/a>Papas\u00a0 \u00a0 <\/strong>: 2<span style=\"font-size: 1.2em;\">. &amp; 4. Donnerstag im Monat<\/span><\/h6>\n<h6><strong style=\"font-size: 1.2em;\"><a href=\"https:\/\/shop.danielles-coaching.de\/wp-content\/uploads\/2026\/01\/laptop_30px_03b4a4.png\"><img loading=\"lazy\" decoding=\"async\" class=\"alignnone wp-image-1860\" src=\"https:\/\/shop.danielles-coaching.de\/wp-content\/uploads\/2026\/01\/laptop_30px_03b4a4.png\" alt=\"\" width=\"20\" height=\"20\" srcset=\"https:\/\/shop.danielles-coaching.de\/wp-content\/uploads\/2026\/01\/laptop_30px_03b4a4.png 30w, https:\/\/shop.danielles-coaching.de\/wp-content\/uploads\/2026\/01\/laptop_30px_03b4a4-12x12.png 12w\" sizes=\"auto, (max-width: 20px) 100vw, 20px\" \/><\/a>\u00a0 Online<\/strong><br \/>\n<a style=\"font-size: 16px;\" href=\"https:\/\/shop.danielles-coaching.de\/wp-content\/uploads\/2026\/01\/clock_30px_03b4a4.png\"><img loading=\"lazy\" decoding=\"async\" class=\"alignnone wp-image-1857\" src=\"https:\/\/shop.danielles-coaching.de\/wp-content\/uploads\/2026\/01\/clock_30px_03b4a4.png\" alt=\"\" width=\"20\" height=\"20\" srcset=\"https:\/\/shop.danielles-coaching.de\/wp-content\/uploads\/2026\/01\/clock_30px_03b4a4.png 30w, https:\/\/shop.danielles-coaching.de\/wp-content\/uploads\/2026\/01\/clock_30px_03b4a4-12x12.png 12w\" sizes=\"auto, (max-width: 20px) 100vw, 20px\" \/> \u00a0 <\/a><strong style=\"font-size: 1.2em;\">20:30<\/strong><span style=\"font-size: 1.2em;\"> &#8211; <\/span><strong style=\"font-size: 1.2em;\">21:30<\/strong><br \/>\n<a style=\"font-size: 16px;\" href=\"https:\/\/shop.danielles-coaching.de\/wp-content\/uploads\/2026\/01\/calendar_18170009_30px.png\"><img loading=\"lazy\" decoding=\"async\" class=\"alignnone wp-image-1862\" src=\"https:\/\/shop.danielles-coaching.de\/wp-content\/uploads\/2026\/01\/calendar_18170009_30px.png\" alt=\"\" width=\"20\" height=\"20\" srcset=\"https:\/\/shop.danielles-coaching.de\/wp-content\/uploads\/2026\/01\/calendar_18170009_30px.png 30w, https:\/\/shop.danielles-coaching.de\/wp-content\/uploads\/2026\/01\/calendar_18170009_30px-12x12.png 12w\" sizes=\"auto, (max-width: 20px) 100vw, 20px\" \/> \u00a0 <\/a><strong style=\"font-size: 1.2em;\">Flexibel teilnehmen <\/strong>&#8211; <span style=\"font-size: 1.2em;\">wann es f\u00fcr dich passt<\/span><br \/>\n<a style=\"font-size: 16px;\" href=\"https:\/\/shop.danielles-coaching.de\/wp-content\/uploads\/2026\/01\/group_30px_03b4a4-1.png\"><img loading=\"lazy\" decoding=\"async\" class=\"alignnone wp-image-1863\" src=\"https:\/\/shop.danielles-coaching.de\/wp-content\/uploads\/2026\/01\/group_30px_03b4a4-1.png\" alt=\"\" width=\"21\" height=\"21\" srcset=\"https:\/\/shop.danielles-coaching.de\/wp-content\/uploads\/2026\/01\/group_30px_03b4a4-1.png 30w, https:\/\/shop.danielles-coaching.de\/wp-content\/uploads\/2026\/01\/group_30px_03b4a4-1-12x12.png 12w\" sizes=\"auto, (max-width: 21px) 100vw, 21px\" \/> \u00a0 <\/a><span style=\"font-size: 1.2em; font-weight: bold;\">Kleingruppe <\/span><span style=\"font-size: 1.2em;\">(max.20)<\/span><\/h6>","protected":false},"featured_media":1913,"template":"","meta":{"_uag_custom_page_level_css":"","site-sidebar-layout":"default","site-content-layout":"","ast-site-content-layout":"default","site-content-style":"default","site-sidebar-style":"default","ast-global-header-display":"","ast-banner-title-visibility":"","ast-main-header-display":"","ast-hfb-above-header-display":"","ast-hfb-below-header-display":"","ast-hfb-mobile-header-display":"","site-post-title":"","ast-breadcrumbs-content":"","ast-featured-img":"","footer-sml-layout":"","ast-disable-related-posts":"","theme-transparent-header-meta":"default","adv-header-id-meta":"","stick-header-meta":"","header-above-stick-meta":"","header-main-stick-meta":"","header-below-stick-meta":"","astra-migrate-meta-layouts":"set","ast-page-background-enabled":"default","ast-page-background-meta":{"desktop":{"background-color":"","background-image":"","background-repeat":"repeat","background-position":"center center","background-size":"auto","background-attachment":"scroll","background-type":"","background-media":"","overlay-type":"","overlay-color":"","overlay-opacity":"","overlay-gradient":""},"tablet":{"background-color":"","background-image":"","background-repeat":"repeat","background-position":"center center","background-size":"auto","background-attachment":"scroll","background-type":"","background-media":"","overlay-type":"","overlay-color":"","overlay-opacity":"","overlay-gradient":""},"mobile":{"background-color":"","background-image":"","background-repeat":"repeat","background-position":"center center","background-size":"auto","background-attachment":"scroll","background-type":"","background-media":"","overlay-type":"","overlay-color":"","overlay-opacity":"","overlay-gradient":""}},"ast-content-background-meta":{"desktop":{"background-color":"var(--ast-global-color-5)","background-image":"","background-repeat":"repeat","background-position":"center center","background-size":"auto","background-attachment":"scroll","background-type":"","background-media":"","overlay-type":"","overlay-color":"","overlay-opacity":"","overlay-gradient":""},"tablet":{"background-color":"var(--ast-global-color-5)","background-image":"","background-repeat":"repeat","background-position":"center center","background-size":"auto","background-attachment":"scroll","background-type":"","background-media":"","overlay-type":"","overlay-color":"","overlay-opacity":"","overlay-gradient":""},"mobile":{"background-color":"var(--ast-global-color-5)","background-image":"","background-repeat":"repeat","background-position":"center center","background-size":"auto","background-attachment":"scroll","background-type":"","background-media":"","overlay-type":"","overlay-color":"","overlay-opacity":"","overlay-gradient":""}}},"product_brand":[],"product_cat":[15],"product_tag":[],"class_list":{"0":"post-1884","1":"product","2":"type-product","3":"status-publish","4":"has-post-thumbnail","6":"product_cat-de","7":"desktop-align-center","8":"tablet-align-left","9":"mobile-align-left","11":"first","12":"instock","13":"taxable","14":"shipping-taxable","15":"purchasable","16":"product-type-variable"},"uagb_featured_image_src":{"full":["https:\/\/shop.danielles-coaching.de\/wp-content\/uploads\/2026\/01\/6-Monats-Paket.png",1024,1024,false],"thumbnail":["https:\/\/shop.danielles-coaching.de\/wp-content\/uploads\/2026\/01\/6-Monats-Paket-150x150.png",150,150,true],"medium":["https:\/\/shop.danielles-coaching.de\/wp-content\/uploads\/2026\/01\/6-Monats-Paket-300x300.png",300,300,true],"medium_large":["https:\/\/shop.danielles-coaching.de\/wp-content\/uploads\/2026\/01\/6-Monats-Paket-768x768.png",768,768,true],"large":["https:\/\/shop.danielles-coaching.de\/wp-content\/uploads\/2026\/01\/6-Monats-Paket.png",1024,1024,false],"1536x1536":["https:\/\/shop.danielles-coaching.de\/wp-content\/uploads\/2026\/01\/6-Monats-Paket.png",1024,1024,false],"2048x2048":["https:\/\/shop.danielles-coaching.de\/wp-content\/uploads\/2026\/01\/6-Monats-Paket.png",1024,1024,false],"trp-custom-language-flag":["https:\/\/shop.danielles-coaching.de\/wp-content\/uploads\/2026\/01\/6-Monats-Paket-12x12.png",12,12,true],"woocommerce_thumbnail":["https:\/\/shop.danielles-coaching.de\/wp-content\/uploads\/2026\/01\/6-Monats-Paket-300x300.png",300,300,true],"woocommerce_single":["https:\/\/shop.danielles-coaching.de\/wp-content\/uploads\/2026\/01\/6-Monats-Paket-600x600.png",600,600,true],"woocommerce_gallery_thumbnail":["https:\/\/shop.danielles-coaching.de\/wp-content\/uploads\/2026\/01\/6-Monats-Paket-100x100.png",100,100,true]},"uagb_author_info":{"display_name":"Danielle Dahan","author_link":"https:\/\/shop.danielles-coaching.de\/de\/author\/"},"uagb_comment_info":0,"uagb_excerpt":"Mama\u2011 oder Papa\u2011sein ist wundersch\u00f6n \u2013 und manchmal einfach viel. Deshalb \u00f6ffne ich ab Februar zwei eigene Coaching\u2011Gruppen: eine nur f\u00fcr Mamas und eine nur f\u00fcr Papas Es ist ein gesch\u00fctzter Raum, in dem du im Mittelpunkt stehst. \u00a0Mamas\u00a0 : 1. &amp; 3. Donnerstag im Monat \u00a0 Papas\u00a0 \u00a0 : 2. &amp; 4. Donnerstag im&hellip;","_links":{"self":[{"href":"https:\/\/shop.danielles-coaching.de\/de\/wp-json\/wp\/v2\/product\/1884","targetHints":{"allow":["GET"]}}],"collection":[{"href":"https:\/\/shop.danielles-coaching.de\/de\/wp-json\/wp\/v2\/product"}],"about":[{"href":"https:\/\/shop.danielles-coaching.de\/de\/wp-json\/wp\/v2\/types\/product"}],"wp:featuredmedia":[{"embeddable":true,"href":"https:\/\/shop.danielles-coaching.de\/de\/wp-json\/wp\/v2\/media\/1913"}],"wp:attachment":[{"href":"https:\/\/shop.danielles-coaching.de\/de\/wp-json\/wp\/v2\/media?parent=1884"}],"wp:term":[{"taxonomy":"product_brand","embeddable":true,"href":"https:\/\/shop.danielles-coaching.de\/de\/wp-json\/wp\/v2\/product_brand?post=1884"},{"taxonomy":"product_cat","embeddable":true,"href":"https:\/\/shop.danielles-coaching.de\/de\/wp-json\/wp\/v2\/product_cat?post=1884"},{"taxonomy":"product_tag","embeddable":true,"href":"https:\/\/shop.danielles-coaching.de\/de\/wp-json\/wp\/v2\/product_tag?post=1884"}],"curies":[{"name":"wp","href":"https:\/\/api.w.org\/{rel}","templated":true}]}}